{"id":21,"date":"2022-02-08T07:26:05","date_gmt":"2022-02-08T06:26:05","guid":{"rendered":"http:\/\/newczozz.ugporaj.pl\/?page_id=21"},"modified":"2022-02-08T07:26:05","modified_gmt":"2022-02-08T06:26:05","slug":"rejestracja","status":"publish","type":"page","link":"https:\/\/czozz.ugporaj.pl\/?page_id=21","title":{"rendered":"Rejestracja"},"content":{"rendered":"<h2>Rejestracja \u015br\u00f3dl\u0105dowych jacht\u00f3w \u017caglowych<\/h2>\n<p><span class=\"ff2 fc0 fs10 \"><br \/>\n<\/span><span class=\"ff2 fc0 fs11 \">Rejestracj\u0105 jacht\u00f3w, zgodnie z obowi\u0105zuj\u0105cymi nowymi przepisami, zajmuje si\u0119 Polski Zwi\u0105zek \u017beglarski.<br \/>\nSzczeg\u00f3\u0142owe informacje mo\u017cna znale\u017a\u0107 na stronie\u00a0<a class=\"ImLink\" title=\"\">rejestracji jacht\u00f3w PZ\u017b<\/a>.<\/span><\/p>\n","protected":false},"excerpt":{"rendered":"<p>Rejestracja \u015br\u00f3dl\u0105dowych jacht\u00f3w \u017caglowych Rejestracj\u0105 jacht\u00f3w, zgodnie z obowi\u0105zuj\u0105cymi nowymi przepisami, zajmuje si\u0119 Polski Zwi\u0105zek \u017beglarski. Szczeg\u00f3\u0142owe informacje mo\u017cna znale\u017a\u0107 na stronie\u00a0rejestracji jacht\u00f3w PZ\u017b.<\/p>\n","protected":false},"author":1,"featured_media":0,"parent":0,"menu_order":0,"comment_status":"closed","ping_status":"closed","template":"","meta":{"footnotes":""},"class_list":["post-21","page","type-page","status-publish","hentry"],"_links":{"self":[{"href":"https:\/\/czozz.ugporaj.pl\/index.php?rest_route=\/wp\/v2\/pages\/21","targetHints":{"allow":["GET"]}}],"collection":[{"href":"https:\/\/czozz.ugporaj.pl\/index.php?rest_route=\/wp\/v2\/pages"}],"about":[{"href":"https:\/\/czozz.ugporaj.pl\/index.php?rest_route=\/wp\/v2\/types\/page"}],"author":[{"embeddable":true,"href":"https:\/\/czozz.ugporaj.pl\/index.php?rest_route=\/wp\/v2\/users\/1"}],"replies":[{"embeddable":true,"href":"https:\/\/czozz.ugporaj.pl\/index.php?rest_route=%2Fwp%2Fv2%2Fcomments&post=21"}],"version-history":[{"count":1,"href":"https:\/\/czozz.ugporaj.pl\/index.php?rest_route=\/wp\/v2\/pages\/21\/revisions"}],"predecessor-version":[{"id":22,"href":"https:\/\/czozz.ugporaj.pl\/index.php?rest_route=\/wp\/v2\/pages\/21\/revisions\/22"}],"wp:attachment":[{"href":"https:\/\/czozz.ugporaj.pl\/index.php?rest_route=%2Fwp%2Fv2%2Fmedia&parent=21"}],"curies":[{"name":"wp","href":"https:\/\/api.w.org\/{rel}","templated":true}]}}