{"id":121,"date":"2022-02-08T09:56:00","date_gmt":"2022-02-08T08:56:00","guid":{"rendered":"http:\/\/newczozz.ugporaj.pl\/?page_id=121"},"modified":"2023-02-14T08:37:08","modified_gmt":"2023-02-14T07:37:08","slug":"sport","status":"publish","type":"page","link":"https:\/\/czozz.ugporaj.pl\/?page_id=121","title":{"rendered":"Sport"},"content":{"rendered":"<h2>Kalendarz imprez<\/h2>\n<div id=\"imPage\">\n<div id=\"imCel0_00\">\n<div id=\"imCel0_00_Cont\">\n<div id=\"imObj0_00\">\n<p class=\"imAlign_center\"><span class=\"ff2 fc0 fs10 \"><br \/>\n<\/span><span class=\"ff2 fc3 fs10 fb \">Koordynatorem imprez organizowanych przez kluby jest<br \/>\nCz\u0119stochowski Okr\u0119gowy Zwi\u0105zek \u017beglarski.<\/span><\/p>\n<p>&nbsp;<\/p>\n<p class=\"imAlign_center\"><span class=\"ff2 fc4 fs10 fb \"><img loading=\"lazy\" decoding=\"async\" class=\"size-medium wp-image-125 alignright\" src=\"http:\/\/newczozz.ugporaj.pl\/wp-content\/uploads\/2022\/02\/sport1-300x154.jpg\" alt=\"\" width=\"300\" height=\"154\" srcset=\"https:\/\/czozz.ugporaj.pl\/wp-content\/uploads\/2022\/02\/sport1-300x154.jpg 300w, https:\/\/czozz.ugporaj.pl\/wp-content\/uploads\/2022\/02\/sport1.jpg 378w\" sizes=\"auto, (max-width: 300px) 100vw, 300px\" \/><span style=\"font-size: 0.875em;\">Potwierdzeniem organizacji ka\u017cdych regat b\u0119dzie &#8222;Zawiadomienie o Regatach&#8221;<\/span><br \/>\nopublikowane na stronie CzOZ\u017b w zak\u0142adce Aktualno\u015bci,<br \/>\nnajp\u00f3\u017aniej 14 dni przed terminem regat<\/span><\/p>\n<p>Kontakt telefoniczny<br \/>\nw sprawach zwi\u0105zanych z kalendarzem imprez,<br \/>\nzmianach termin\u00f3w lub tre\u015bci:<br \/>\nDagmara Michalec, tel. 795 924 101<br \/>\nmail:\u00a0<a class=\"ImLink\" title=\"\" href=\"mailto:daguna@o2.pl\">daguna@o2.pl<\/a><\/p>\n<\/div>\n<\/div>\n<\/div>\n<\/div>\n","protected":false},"excerpt":{"rendered":"<p>Kalendarz imprez Koordynatorem imprez organizowanych przez kluby jest Cz\u0119stochowski Okr\u0119gowy Zwi\u0105zek \u017beglarski. &nbsp; Potwierdzeniem organizacji ka\u017cdych regat b\u0119dzie &#8222;Zawiadomienie o Regatach&#8221; opublikowane na stronie CzOZ\u017b w zak\u0142adce Aktualno\u015bci, najp\u00f3\u017aniej 14 dni przed terminem regat Kontakt telefoniczny w sprawach zwi\u0105zanych z kalendarzem imprez, zmianach termin\u00f3w lub tre\u015bci: Dagmara Michalec, tel. 795 924 101 mail:\u00a0daguna@o2.pl<\/p>\n","protected":false},"author":1,"featured_media":0,"parent":0,"menu_order":0,"comment_status":"closed","ping_status":"closed","template":"","meta":{"footnotes":""},"class_list":["post-121","page","type-page","status-publish","hentry"],"_links":{"self":[{"href":"https:\/\/czozz.ugporaj.pl\/index.php?rest_route=\/wp\/v2\/pages\/121","targetHints":{"allow":["GET"]}}],"collection":[{"href":"https:\/\/czozz.ugporaj.pl\/index.php?rest_route=\/wp\/v2\/pages"}],"about":[{"href":"https:\/\/czozz.ugporaj.pl\/index.php?rest_route=\/wp\/v2\/types\/page"}],"author":[{"embeddable":true,"href":"https:\/\/czozz.ugporaj.pl\/index.php?rest_route=\/wp\/v2\/users\/1"}],"replies":[{"embeddable":true,"href":"https:\/\/czozz.ugporaj.pl\/index.php?rest_route=%2Fwp%2Fv2%2Fcomments&post=121"}],"version-history":[{"count":3,"href":"https:\/\/czozz.ugporaj.pl\/index.php?rest_route=\/wp\/v2\/pages\/121\/revisions"}],"predecessor-version":[{"id":206,"href":"https:\/\/czozz.ugporaj.pl\/index.php?rest_route=\/wp\/v2\/pages\/121\/revisions\/206"}],"wp:attachment":[{"href":"https:\/\/czozz.ugporaj.pl\/index.php?rest_route=%2Fwp%2Fv2%2Fmedia&parent=121"}],"curies":[{"name":"wp","href":"https:\/\/api.w.org\/{rel}","templated":true}]}}