{"id":27,"date":"2022-02-08T07:29:54","date_gmt":"2022-02-08T06:29:54","guid":{"rendered":"http:\/\/newczozz.ugporaj.pl\/?page_id=27"},"modified":"2022-02-08T09:51:42","modified_gmt":"2022-02-08T08:51:42","slug":"ogloszenia","status":"publish","type":"page","link":"http:\/\/czozz.ugporaj.pl\/?page_id=27","title":{"rendered":"Og\u0142oszenia"},"content":{"rendered":"<div id=\"imContent\">\n<div id=\"imPage\">\n<div id=\"imCel0_01\">\n<div id=\"imCel0_01_Cont\">\n<div id=\"imObj0_01\">\n<p class=\"imAlign_justify\"><span class=\"ff0 fc2 fs10 \"><img loading=\"lazy\" decoding=\"async\" class=\"imImage alignleft\" src=\"https:\/\/czozz.czest.pl\/images\/enif.gif\" alt=\"\" width=\"77\" height=\"81\" \/><\/span><span class=\"ff1 fc0 fs10 \"><br \/>\n<\/span><span class=\"ff2 fc0 fs10 \"><br \/>\nStowarzyszenie Klub Wodny ENIF organizuje w Poraju szkolenia \u017ceglarskie i motorowodne. Szczeg\u00f3\u0142y na stronie\u00a0<a class=\"ImLink\" title=\"\">Klubu Wodnego ENIF<\/a>.<br \/>\n<\/span><\/p>\n<p>&nbsp;<\/p>\n<p class=\"imAlign_justify\"><span class=\"ff0 fc2 fs10 \"><img loading=\"lazy\" decoding=\"async\" class=\"imImage alignright\" src=\"https:\/\/czozz.czest.pl\/images\/p009_0_01_02.jpg\" alt=\"\" width=\"223\" height=\"113\" \/><\/span><span class=\"ff1 fc0 fs10 \"><br \/>\n<\/span><span class=\"ff2 fc0 fs10 \">Szko\u0142a \u017beglarska MNXYachting kpt. Marka Nizielskiego organizuje rejsy morskie, szkolenia \u017ceglarskie i imprezy integracyjne w Grecji, Chorwacji, na Wyspach Kanaryjskich oraz Karaibach. Informacje szczeg\u00f3\u0142owe na stronie\u00a0<a class=\"ImLink\" title=\"\">www.najachtach.pl<\/a><\/span><\/p>\n<p><span class=\"ff0 fc2 fs10 \"><img loading=\"lazy\" decoding=\"async\" class=\"imImage alignleft\" src=\"https:\/\/czozz.czest.pl\/images\/logo1.gif\" alt=\"\" width=\"47\" height=\"100\" \/><\/span><span class=\"ff1 fc0 fs10 \"><br \/>\n<\/span><span class=\"ff2 fc0 fs10 \"><br \/>\nCz\u0119stochowski Okr\u0119gowy Zwi\u0105zek \u017beglarski informuje wszystkich zainteresowanych o mo\u017cliwo\u015bci odbycia sta\u017cu wymaganego do zdobycia licencji s\u0119dziego sportowego \u017ceglarstwa II klasy. Bli\u017cszych informacji udzieli kol. Jaros\u0142aw Cie\u015blak, tel. 502 272 349.<\/span><\/p>\n<p>&nbsp;<\/p>\n<p class=\"imAlign_justify\"><span class=\"ff2 fc0 fs10 \"><img decoding=\"async\" class=\"alignright\" title=\"\" src=\"https:\/\/czozz.czest.pl\/images\/formularz.jpg\" alt=\"\" \/>Z danych poprzedniego sezonu wynika, \u017ce na ka\u017cdej imprezie b\u0119dzie obecnych ok. 500 os\u00f3b zawodnik\u00f3w, trener\u00f3w, os\u00f3b towarzysz\u0105cych oraz kilkaset os\u00f3b obserwuj\u0105cych zmagania z brzeg\u00f3w jezior i morskich pla\u017c.<br \/>\nNa ka\u017cde zawody jacht jest przewo\u017cony na przyczepie pod\u0142odziowej w spos\u00f3b umo\u017cliwiaj\u0105cy eksponowanie reklamy na burtach &#8211; to tysi\u0105ce kilometr\u00f3w przejechanych z widoczn\u0105 reklam\u0105 docieraj\u0105c\u0105 do kierowc\u00f3w, pasa\u017cer\u00f3w i innych u\u017cytkownik\u00f3w dr\u00f3g. Dodatkowo istnieje mo\u017cliwo\u015b\u0107 promowania Partnera na strojach zawodnik\u00f3w, w nazwie k<\/span><\/p>\n<p>&nbsp;<\/p>\n<p>Za\u0142oga regatowa ma do zaoferowania miejsce na reklam\u0119 na jachcie bior\u0105cym udzia\u0142 w cyklu regat o Puchar Polski i Puchar \u015al\u0105ska &#8211; jest to oko\u0142o 20 kilkudniowych imprez rozgrywanych na akwenach ca\u0142ej Polski min. Warszawa (Zegrze), Gda\u0144sk(G\u00f3rki Zachodnie), Gi\u017cycko, \u017bywiec (jezioro \u017bywieckie), Puck (zatoka Pucka) i wiele innych.<br \/>\nWymiary jachtu: kad\u0142ub d\u0142. 6,20 m, wys. 0,30 m, \u017cagle: grot 9 m2, fok 6 m2.<\/p>\n<p class=\"imAlign_justify\"><span class=\"ff2 fc0 fs10 \"><span style=\"font-size: 0.813em;\"><br \/>\n<\/span><\/span>Kontakt: Bartosz Cie\u015blak &#8211; <a title=\"\" href=\"mailto:dbsport@wp.pl\">dbsport@wp.pl<\/a>\u00a0 lub na stronie internetowej klubu, stronie internetowej za\u0142ogi, poprzez baner reklamowy w macierzystej marinie za\u0142ogi czy przez rozwieszanie baneru reklamowego w miejscu rozgrywania zawod\u00f3w. Jeste\u015bmy otwarci na propozycje.<span class=\"ff2 fc0 fs10 \"><br \/>\n<\/span><\/p>\n<\/div>\n<\/div>\n<\/div>\n<div id=\"imCel0_00\">\n<div id=\"imCel0_00_Cont\">\n<div id=\"imObj0_00\">\n<p>Je\u015bli chcesz doda\u0107 og\u0142oszenie lub przekaza\u0107 nam inne informacje,<br \/>\nmo\u017cesz skorzysta\u0107 z formularza na\u00a0<a title=\"\" href=\"https:\/\/czozz.czest.pl\/kontakt.html\">stronie<\/a>.<br \/>\nPo przeanalizowaniu zg\u0142oszenia zamie\u015bcimy je na stronie.<br \/>\nCzOZ\u017b zastrzega sobie prawo do dokonania wyboru<br \/>\ni edycji nades\u0142anych informacji.<span class=\"ff1 fc0 fs10 \"><br \/>\n<\/span><\/p>\n<\/div>\n<\/div>\n<\/div>\n<\/div>\n<\/div>\n<div id=\"imFooter\">\n<div><\/div>\n<\/div>\n","protected":false},"excerpt":{"rendered":"<p>Stowarzyszenie Klub Wodny ENIF organizuje w Poraju szkolenia \u017ceglarskie i motorowodne. Szczeg\u00f3\u0142y na stronie\u00a0Klubu Wodnego ENIF. &nbsp; Szko\u0142a \u017beglarska MNXYachting kpt. Marka Nizielskiego organizuje rejsy morskie, szkolenia \u017ceglarskie i imprezy integracyjne w Grecji, Chorwacji, na Wyspach Kanaryjskich oraz Karaibach. Informacje szczeg\u00f3\u0142owe na stronie\u00a0www.najachtach.pl Cz\u0119stochowski Okr\u0119gowy Zwi\u0105zek \u017beglarski informuje wszystkich zainteresowanych o mo\u017cliwo\u015bci odbycia sta\u017cu wymaganego [&hellip;]<\/p>\n","protected":false},"author":1,"featured_media":0,"parent":0,"menu_order":0,"comment_status":"closed","ping_status":"closed","template":"","meta":{"footnotes":""},"class_list":["post-27","page","type-page","status-publish","hentry"],"_links":{"self":[{"href":"http:\/\/czozz.ugporaj.pl\/index.php?rest_route=\/wp\/v2\/pages\/27","targetHints":{"allow":["GET"]}}],"collection":[{"href":"http:\/\/czozz.ugporaj.pl\/index.php?rest_route=\/wp\/v2\/pages"}],"about":[{"href":"http:\/\/czozz.ugporaj.pl\/index.php?rest_route=\/wp\/v2\/types\/page"}],"author":[{"embeddable":true,"href":"http:\/\/czozz.ugporaj.pl\/index.php?rest_route=\/wp\/v2\/users\/1"}],"replies":[{"embeddable":true,"href":"http:\/\/czozz.ugporaj.pl\/index.php?rest_route=%2Fwp%2Fv2%2Fcomments&post=27"}],"version-history":[{"count":3,"href":"http:\/\/czozz.ugporaj.pl\/index.php?rest_route=\/wp\/v2\/pages\/27\/revisions"}],"predecessor-version":[{"id":120,"href":"http:\/\/czozz.ugporaj.pl\/index.php?rest_route=\/wp\/v2\/pages\/27\/revisions\/120"}],"wp:attachment":[{"href":"http:\/\/czozz.ugporaj.pl\/index.php?rest_route=%2Fwp%2Fv2%2Fmedia&parent=27"}],"curies":[{"name":"wp","href":"https:\/\/api.w.org\/{rel}","templated":true}]}}